{"id":4152,"date":"2023-08-24T11:54:01","date_gmt":"2023-08-24T09:54:01","guid":{"rendered":"https:\/\/staging.gotom.io\/?page_id=4152"},"modified":"2023-08-24T11:54:01","modified_gmt":"2023-08-24T09:54:01","slug":"teilnahmebedingungen-iab-austria-sommerfest","status":"publish","type":"page","link":"https:\/\/gotom.io\/de\/teilnahmebedingungen-iab-austria-sommerfest\/","title":{"rendered":"Teilnahmebedingungen"},"content":{"rendered":"<p>Teilnahmeberechtigt am Gewinnspiel sind alle Teilnehmer des IAB Austria Sommerfests. Mitarbeiter:innen von goTom sind nicht teilnahmeberechtigt.<\/p>\n<p>Die Verlosung des Gewinns findet eine Woche nach dem Sommerfest statt. Der Rechtsweg ist ausgeschlossen. Es besteht kein einklagbarer Anspruch auf die Auszahlung des Gewinnes.<\/p>\n<p>Jede:r Teilnehmer:in darf pro Gewinnspiel nur einmal daran teilnehmen.<\/p>\n<p>Jede\/r Teilnehmer\/in stimmt zu, dass sein\/ihr Name und allenfalls Foto von goTom ver\u00f6ffentlicht werden kann.<\/p>\n<p>F\u00fcr die Teilnahme sowie f\u00fcr Durchf\u00fchrung und Abwicklung des Gewinnspiels erhebt goTom extra personenbezogene Daten.<\/p>\n<p>\u00dcber das Gewinnspiel kann kein Schriftverkehr gef\u00fchrt werden. Der Rechtsweg ist ausgeschlossen. Es besteht kein einklagbarer Anspruch auf die Auszahlung des Gewinnes.<\/p>\n<p><b>Informationen zum Datenschutz:<\/b><\/p>\n<p>goTom verwendet Ihre Daten (Name, Unternehmen, E-Mail-Adresse) f\u00fcr die Durchf\u00fchrung des Gewinnspiels und die Zusendung von Informationen (Newsletter) rund um goTom.<\/p>\n<p>Die Daten des\/der Gewinner:in werden entsprechend den steuer- bzw. unternehmensrechtlichen Bestimmungen gespeichert und an den Kooperationspartner bzw. an den\/die Gewinnbeisteller:in \u00fcbermittelt, um die Gewinn\u00fcbergabe zu erm\u00f6glichen.<\/p>\n<p>goTom verwendet f\u00fcr das Gewinnspiel die Software von Typeform von TYPEFORM SL, C\/Bac de Roda, 163 (Local), 08018 Barcelona Spanien (Typeform). Dies erm\u00f6glicht es uns, ihnen die passenden Fragen und Antworten im Gewinnspiel anzuzeigen.<\/p>\n<p>Daf\u00fcr geben wir folgende personenbezogene Daten an Typeform weiter:<\/p>\n<ul>\n<li>E-Mail-Adresse<\/li>\n<li>Vorname<\/li>\n<li>Nachname<\/li>\n<li>Unternehmen<\/li>\n<\/ul>\n<p>Zus\u00e4tzlich werden von Typeform folgende personenbezogene Daten mit Hilfe von Cookies gesammelt: Informationen \u00fcber Ihr Endger\u00e4t (IP-Adresse, Ger\u00e4teinformationen, Betriebssystem, Browsereinstellungen). Dar\u00fcber hinaus werden Nutzungsdaten gesammelt wie Datum und Uhrzeit, wann Sie die das Kontaktformular genutzt haben. Typeform ben\u00f6tigt diese Daten, um die Darstellung des Kontaktformulars und die Funktionsf\u00e4higkeit zu gew\u00e4hrleisten. Dies entspricht dem berechtigten Interesse Typeforms (gem. Art. 6 Abs. 1 lit. f DSGVO) und dient der Vertragsdurchf\u00fchrung (gem. Art. 6 Abs. 1 lit. b DSGVO). Weitere Informationen finden Sie unter: <a href=\"https:\/\/help.typeform.com\/hc\/en-us\/articles\/360029581691-What-happens-to-my-data\">https:\/\/help.typeform.com\/hc\/en-us\/articles\/360029581691-What-happens-to-my-data<\/a><\/p>\n<p>Weitere Informationen zu Widerspruchs- und Beseitigungsm\u00f6glichkeiten gegen\u00fcber Typeform finden Sie unter: <a href=\"https:\/\/admin.typeform.com\/to\/dwk6gt\">https:\/\/admin.typeform.com\/to\/dwk6gt<\/a><\/p>\n<p>&nbsp;<\/p>\n<p>goTom verwendet f\u00fcr das Zusenden von Informationen via Email den technischen Dienstleister MailChimp.<\/p>\n<p>Daf\u00fcr geben wir folgende personenbezogene Daten an Mailchimp weiter:<\/p>\n<ul>\n<li>E-Mail-Adresse<\/li>\n<li>Vorname<\/li>\n<li>Nachname<\/li>\n<\/ul>\n<p>MailChimp ist ein Angebot der The Rocket Science Group, LLC, 512 Means Street, Suite 404 Atlanta, GA 30318, USA. MailChimp bietet umfangreiche Analysem\u00f6glichkeiten dar\u00fcber, wie die Newsletter von goTom ge\u00f6ffnet und benutzt werden. Diese Analysen sind gruppenbezogen und werden von goTom nicht zur individuellen Auswertung verwendet. Weitere Informationen zum Datenschutz von MailChimp finden sich hier: <a href=\"https:\/\/mailchimp.com\/legal\/privacy\/\">mailchimp.com\/legal\/privacy\/<\/a><\/p>\n","protected":false},"excerpt":{"rendered":"<p>Teilnahmeberechtigt am Gewinnspiel sind alle Teilnehmer des IAB Austria Sommerfests. Mitarbeiter:innen von goTom sind nicht teilnahmeberechtigt. Die Verlosung des Gewinns findet eine Woche nach dem Sommerfest statt. Der Rechtsweg ist ausgeschlossen. Es besteht kein einklagbarer Anspruch auf die Auszahlung des Gewinnes. Jede:r Teilnehmer:in darf pro Gewinnspiel nur einmal daran teilnehmen. Jede\/r Teilnehmer\/in stimmt zu, dass [&hellip;]<\/p>\n","protected":false},"author":10,"featured_media":0,"parent":0,"menu_order":0,"comment_status":"closed","ping_status":"closed","template":"","meta":{"_acf_changed":false,"footnotes":""},"class_list":["post-4152","page","type-page","status-publish","hentry"],"yoast_head":"<!-- This site is optimized with the Yoast SEO plugin v27.5 - https:\/\/yoast.com\/product\/yoast-seo-wordpress\/ -->\n<title>Teilnahmebedingungen &#8211; goTom<\/title>\n<meta name=\"robots\" content=\"index, follow, max-snippet:-1, max-image-preview:large, max-video-preview:-1\" \/>\n<link rel=\"canonical\" href=\"https:\/\/gotom.io\/de\/teilnahmebedingungen-iab-austria-sommerfest\/\" \/>\n<meta property=\"og:locale\" content=\"de_DE\" \/>\n<meta property=\"og:type\" content=\"article\" \/>\n<meta property=\"og:title\" content=\"Teilnahmebedingungen &#8211; goTom\" \/>\n<meta property=\"og:description\" content=\"Teilnahmeberechtigt am Gewinnspiel sind alle Teilnehmer des IAB Austria Sommerfests. Mitarbeiter:innen von goTom sind nicht teilnahmeberechtigt. Die Verlosung des Gewinns findet eine Woche nach dem Sommerfest statt. Der Rechtsweg ist ausgeschlossen. Es besteht kein einklagbarer Anspruch auf die Auszahlung des Gewinnes. Jede:r Teilnehmer:in darf pro Gewinnspiel nur einmal daran teilnehmen. Jede\/r Teilnehmer\/in stimmt zu, dass [&hellip;]\" \/>\n<meta property=\"og:url\" content=\"https:\/\/gotom.io\/de\/teilnahmebedingungen-iab-austria-sommerfest\/\" \/>\n<meta property=\"og:site_name\" content=\"goTom\" \/>\n<meta property=\"article:publisher\" content=\"https:\/\/www.facebook.com\/gotom.official\/\" \/>\n<meta property=\"og:image\" content=\"https:\/\/gotom.io\/wp-content\/uploads\/2025\/01\/Social-Media-Vorschaubild-2-1.png\" \/>\n\t<meta property=\"og:image:width\" content=\"2400\" \/>\n\t<meta property=\"og:image:height\" content=\"1350\" \/>\n\t<meta property=\"og:image:type\" content=\"image\/png\" \/>\n<meta name=\"twitter:card\" content=\"summary_large_image\" \/>\n<meta name=\"twitter:site\" content=\"@gotom_official\" \/>\n<meta name=\"twitter:label1\" content=\"Gesch\u00e4tzte Lesezeit\" \/>\n\t<meta name=\"twitter:data1\" content=\"2\u00a0Minuten\" \/>\n<script type=\"application\/ld+json\" class=\"yoast-schema-graph\">{\"@context\":\"https:\\\/\\\/schema.org\",\"@graph\":[{\"@type\":\"WebPage\",\"@id\":\"https:\\\/\\\/gotom.io\\\/de\\\/teilnahmebedingungen-iab-austria-sommerfest\\\/\",\"url\":\"https:\\\/\\\/gotom.io\\\/de\\\/teilnahmebedingungen-iab-austria-sommerfest\\\/\",\"name\":\"Teilnahmebedingungen &#8211; goTom\",\"isPartOf\":{\"@id\":\"https:\\\/\\\/gotom.io\\\/de\\\/#website\"},\"datePublished\":\"2023-08-24T09:54:01+00:00\",\"breadcrumb\":{\"@id\":\"https:\\\/\\\/gotom.io\\\/de\\\/teilnahmebedingungen-iab-austria-sommerfest\\\/#breadcrumb\"},\"inLanguage\":\"de\",\"potentialAction\":[{\"@type\":\"ReadAction\",\"target\":[\"https:\\\/\\\/gotom.io\\\/de\\\/teilnahmebedingungen-iab-austria-sommerfest\\\/\"]}]},{\"@type\":\"BreadcrumbList\",\"@id\":\"https:\\\/\\\/gotom.io\\\/de\\\/teilnahmebedingungen-iab-austria-sommerfest\\\/#breadcrumb\",\"itemListElement\":[{\"@type\":\"ListItem\",\"position\":1,\"name\":\"Home\",\"item\":\"https:\\\/\\\/gotom.io\\\/de\\\/\"},{\"@type\":\"ListItem\",\"position\":2,\"name\":\"Teilnahmebedingungen\"}]},{\"@type\":\"WebSite\",\"@id\":\"https:\\\/\\\/gotom.io\\\/de\\\/#website\",\"url\":\"https:\\\/\\\/gotom.io\\\/de\\\/\",\"name\":\"goTom\",\"description\":\"Grow your digital advertising business\",\"publisher\":{\"@id\":\"https:\\\/\\\/gotom.io\\\/de\\\/#organization\"},\"potentialAction\":[{\"@type\":\"SearchAction\",\"target\":{\"@type\":\"EntryPoint\",\"urlTemplate\":\"https:\\\/\\\/gotom.io\\\/de\\\/?s={search_term_string}\"},\"query-input\":{\"@type\":\"PropertyValueSpecification\",\"valueRequired\":true,\"valueName\":\"search_term_string\"}}],\"inLanguage\":\"de\"},{\"@type\":\"Organization\",\"@id\":\"https:\\\/\\\/gotom.io\\\/de\\\/#organization\",\"name\":\"goTom\",\"url\":\"https:\\\/\\\/gotom.io\\\/de\\\/\",\"logo\":{\"@type\":\"ImageObject\",\"inLanguage\":\"de\",\"@id\":\"https:\\\/\\\/gotom.io\\\/de\\\/#\\\/schema\\\/logo\\\/image\\\/\",\"url\":\"https:\\\/\\\/gotom.io\\\/wp-content\\\/uploads\\\/2017\\\/08\\\/gotom_email.png\",\"contentUrl\":\"https:\\\/\\\/gotom.io\\\/wp-content\\\/uploads\\\/2017\\\/08\\\/gotom_email.png\",\"width\":100,\"height\":39,\"caption\":\"goTom\"},\"image\":{\"@id\":\"https:\\\/\\\/gotom.io\\\/de\\\/#\\\/schema\\\/logo\\\/image\\\/\"},\"sameAs\":[\"https:\\\/\\\/www.facebook.com\\\/gotom.official\\\/\",\"https:\\\/\\\/x.com\\\/gotom_official\"]}]}<\/script>\n<!-- \/ Yoast SEO plugin. -->","yoast_head_json":{"title":"Teilnahmebedingungen &#8211; goTom","robots":{"index":"index","follow":"follow","max-snippet":"max-snippet:-1","max-image-preview":"max-image-preview:large","max-video-preview":"max-video-preview:-1"},"canonical":"https:\/\/gotom.io\/de\/teilnahmebedingungen-iab-austria-sommerfest\/","og_locale":"de_DE","og_type":"article","og_title":"Teilnahmebedingungen &#8211; goTom","og_description":"Teilnahmeberechtigt am Gewinnspiel sind alle Teilnehmer des IAB Austria Sommerfests. Mitarbeiter:innen von goTom sind nicht teilnahmeberechtigt. Die Verlosung des Gewinns findet eine Woche nach dem Sommerfest statt. Der Rechtsweg ist ausgeschlossen. Es besteht kein einklagbarer Anspruch auf die Auszahlung des Gewinnes. Jede:r Teilnehmer:in darf pro Gewinnspiel nur einmal daran teilnehmen. Jede\/r Teilnehmer\/in stimmt zu, dass [&hellip;]","og_url":"https:\/\/gotom.io\/de\/teilnahmebedingungen-iab-austria-sommerfest\/","og_site_name":"goTom","article_publisher":"https:\/\/www.facebook.com\/gotom.official\/","og_image":[{"width":2400,"height":1350,"url":"https:\/\/gotom.io\/wp-content\/uploads\/2025\/01\/Social-Media-Vorschaubild-2-1.png","type":"image\/png"}],"twitter_card":"summary_large_image","twitter_site":"@gotom_official","twitter_misc":{"Gesch\u00e4tzte Lesezeit":"2\u00a0Minuten"},"schema":{"@context":"https:\/\/schema.org","@graph":[{"@type":"WebPage","@id":"https:\/\/gotom.io\/de\/teilnahmebedingungen-iab-austria-sommerfest\/","url":"https:\/\/gotom.io\/de\/teilnahmebedingungen-iab-austria-sommerfest\/","name":"Teilnahmebedingungen &#8211; goTom","isPartOf":{"@id":"https:\/\/gotom.io\/de\/#website"},"datePublished":"2023-08-24T09:54:01+00:00","breadcrumb":{"@id":"https:\/\/gotom.io\/de\/teilnahmebedingungen-iab-austria-sommerfest\/#breadcrumb"},"inLanguage":"de","potentialAction":[{"@type":"ReadAction","target":["https:\/\/gotom.io\/de\/teilnahmebedingungen-iab-austria-sommerfest\/"]}]},{"@type":"BreadcrumbList","@id":"https:\/\/gotom.io\/de\/teilnahmebedingungen-iab-austria-sommerfest\/#breadcrumb","itemListElement":[{"@type":"ListItem","position":1,"name":"Home","item":"https:\/\/gotom.io\/de\/"},{"@type":"ListItem","position":2,"name":"Teilnahmebedingungen"}]},{"@type":"WebSite","@id":"https:\/\/gotom.io\/de\/#website","url":"https:\/\/gotom.io\/de\/","name":"goTom","description":"Grow your digital advertising business","publisher":{"@id":"https:\/\/gotom.io\/de\/#organization"},"potentialAction":[{"@type":"SearchAction","target":{"@type":"EntryPoint","urlTemplate":"https:\/\/gotom.io\/de\/?s={search_term_string}"},"query-input":{"@type":"PropertyValueSpecification","valueRequired":true,"valueName":"search_term_string"}}],"inLanguage":"de"},{"@type":"Organization","@id":"https:\/\/gotom.io\/de\/#organization","name":"goTom","url":"https:\/\/gotom.io\/de\/","logo":{"@type":"ImageObject","inLanguage":"de","@id":"https:\/\/gotom.io\/de\/#\/schema\/logo\/image\/","url":"https:\/\/gotom.io\/wp-content\/uploads\/2017\/08\/gotom_email.png","contentUrl":"https:\/\/gotom.io\/wp-content\/uploads\/2017\/08\/gotom_email.png","width":100,"height":39,"caption":"goTom"},"image":{"@id":"https:\/\/gotom.io\/de\/#\/schema\/logo\/image\/"},"sameAs":["https:\/\/www.facebook.com\/gotom.official\/","https:\/\/x.com\/gotom_official"]}]}},"_links":{"self":[{"href":"https:\/\/gotom.io\/de\/wp-json\/wp\/v2\/pages\/4152","targetHints":{"allow":["GET"]}}],"collection":[{"href":"https:\/\/gotom.io\/de\/wp-json\/wp\/v2\/pages"}],"about":[{"href":"https:\/\/gotom.io\/de\/wp-json\/wp\/v2\/types\/page"}],"author":[{"embeddable":true,"href":"https:\/\/gotom.io\/de\/wp-json\/wp\/v2\/users\/10"}],"replies":[{"embeddable":true,"href":"https:\/\/gotom.io\/de\/wp-json\/wp\/v2\/comments?post=4152"}],"version-history":[{"count":0,"href":"https:\/\/gotom.io\/de\/wp-json\/wp\/v2\/pages\/4152\/revisions"}],"wp:attachment":[{"href":"https:\/\/gotom.io\/de\/wp-json\/wp\/v2\/media?parent=4152"}],"curies":[{"name":"wp","href":"https:\/\/api.w.org\/{rel}","templated":true}]}}