{"id":629,"date":"2017-06-13T15:21:24","date_gmt":"2017-06-13T13:21:24","guid":{"rendered":"http:\/\/beta.gotom.io\/?page_id=629\/"},"modified":"2026-01-27T10:06:01","modified_gmt":"2026-01-27T09:06:01","slug":"uber-uns","status":"publish","type":"page","link":"https:\/\/gotom.io\/de\/uber-uns\/","title":{"rendered":"\u00dcber uns"},"content":{"rendered":"<p>Urspr\u00fcnglich Teil der TX Group, der gr\u00f6ssten Mediengruppe der Schweiz, hat sich goTom zu einer bekannten Software f\u00fcr die Abwicklung digitaler Kampagnen entwickelt. Beim Aufbau eines Systems f\u00fcr den digitalen Vertrieb erkannten wir, wie zeitaufw\u00e4ndig und komplex die Verwaltung von digitalen Auftr\u00e4gen ist und begannen, eine eigene L\u00f6sung zu entwickeln. Im Jahr 2015 wurde die goTom AG als eigenst\u00e4ndiges Unternehmen gegr\u00fcndet, um die Technologie dem gesamten Markt zur Verf\u00fcgung zu stellen. Heute ist goTom eine weit verbreitete Software zur Abwicklung digitaler Kampagnen.<\/p>\n","protected":false},"excerpt":{"rendered":"<p>Urspr\u00fcnglich Teil der TX Group, der gr\u00f6ssten Mediengruppe der Schweiz, hat sich goTom zu einer bekannten Software f\u00fcr die Abwicklung digitaler Kampagnen entwickelt. Beim Aufbau eines Systems f\u00fcr den digitalen Vertrieb erkannten wir, wie zeitaufw\u00e4ndig und komplex die Verwaltung von digitalen Auftr\u00e4gen ist und begannen, eine eigene L\u00f6sung zu entwickeln. Im Jahr 2015 wurde die [&hellip;]<\/p>\n","protected":false},"author":2,"featured_media":0,"parent":0,"menu_order":0,"comment_status":"closed","ping_status":"closed","template":"templates\/sections.php","meta":{"_acf_changed":false,"footnotes":""},"class_list":["post-629","page","type-page","status-publish","hentry"],"yoast_head":"<!-- This site is optimized with the Yoast SEO plugin v27.3 - https:\/\/yoast.com\/product\/yoast-seo-wordpress\/ -->\n<title>Wer wir sind - goTom<\/title>\n<meta name=\"description\" content=\"Erfahre mehr \u00fcber unser engagiertes Team und warum wir eine Software f\u00fcr die Verwaltung von digitaler Werbung entwickelt haben.\" \/>\n<meta name=\"robots\" content=\"index, follow, max-snippet:-1, max-image-preview:large, max-video-preview:-1\" \/>\n<link rel=\"canonical\" href=\"https:\/\/gotom.io\/de\/uber-uns\/\" \/>\n<meta property=\"og:locale\" content=\"de_DE\" \/>\n<meta property=\"og:type\" content=\"article\" \/>\n<meta property=\"og:title\" content=\"Wer wir sind - goTom\" \/>\n<meta property=\"og:description\" content=\"Erfahre mehr \u00fcber unser engagiertes Team und warum wir eine Software f\u00fcr die Verwaltung von digitaler Werbung entwickelt haben.\" \/>\n<meta property=\"og:url\" content=\"https:\/\/gotom.io\/de\/uber-uns\/\" \/>\n<meta property=\"og:site_name\" content=\"goTom\" \/>\n<meta property=\"article:publisher\" content=\"https:\/\/www.facebook.com\/gotom.official\/\" \/>\n<meta property=\"article:modified_time\" content=\"2026-01-27T09:06:01+00:00\" \/>\n<meta property=\"og:image\" content=\"https:\/\/gotom.io\/wp-content\/uploads\/2025\/01\/Social-Media-Vorschaubild-2-1.png\" \/>\n\t<meta property=\"og:image:width\" content=\"2400\" \/>\n\t<meta property=\"og:image:height\" content=\"1350\" \/>\n\t<meta property=\"og:image:type\" content=\"image\/png\" \/>\n<meta name=\"twitter:card\" content=\"summary_large_image\" \/>\n<meta name=\"twitter:site\" content=\"@gotom_official\" \/>\n<meta name=\"twitter:label1\" content=\"Gesch\u00e4tzte Lesezeit\" \/>\n\t<meta name=\"twitter:data1\" content=\"3\u00a0Minuten\" \/>\n<script type=\"application\/ld+json\" class=\"yoast-schema-graph\">{\"@context\":\"https:\\\/\\\/schema.org\",\"@graph\":[{\"@type\":\"WebPage\",\"@id\":\"https:\\\/\\\/gotom.io\\\/de\\\/uber-uns\\\/\",\"url\":\"https:\\\/\\\/gotom.io\\\/de\\\/uber-uns\\\/\",\"name\":\"Wer wir sind - goTom\",\"isPartOf\":{\"@id\":\"https:\\\/\\\/gotom.io\\\/de\\\/#website\"},\"datePublished\":\"2017-06-13T13:21:24+00:00\",\"dateModified\":\"2026-01-27T09:06:01+00:00\",\"description\":\"Erfahre mehr \u00fcber unser engagiertes Team und warum wir eine Software f\u00fcr die Verwaltung von digitaler Werbung entwickelt haben.\",\"breadcrumb\":{\"@id\":\"https:\\\/\\\/gotom.io\\\/de\\\/uber-uns\\\/#breadcrumb\"},\"inLanguage\":\"de\",\"potentialAction\":[{\"@type\":\"ReadAction\",\"target\":[\"https:\\\/\\\/gotom.io\\\/de\\\/uber-uns\\\/\"]}]},{\"@type\":\"BreadcrumbList\",\"@id\":\"https:\\\/\\\/gotom.io\\\/de\\\/uber-uns\\\/#breadcrumb\",\"itemListElement\":[{\"@type\":\"ListItem\",\"position\":1,\"name\":\"Home\",\"item\":\"https:\\\/\\\/gotom.io\\\/de\\\/\"},{\"@type\":\"ListItem\",\"position\":2,\"name\":\"\u00dcber uns\"}]},{\"@type\":\"WebSite\",\"@id\":\"https:\\\/\\\/gotom.io\\\/de\\\/#website\",\"url\":\"https:\\\/\\\/gotom.io\\\/de\\\/\",\"name\":\"goTom\",\"description\":\"Grow your digital advertising business\",\"publisher\":{\"@id\":\"https:\\\/\\\/gotom.io\\\/de\\\/#organization\"},\"potentialAction\":[{\"@type\":\"SearchAction\",\"target\":{\"@type\":\"EntryPoint\",\"urlTemplate\":\"https:\\\/\\\/gotom.io\\\/de\\\/?s={search_term_string}\"},\"query-input\":{\"@type\":\"PropertyValueSpecification\",\"valueRequired\":true,\"valueName\":\"search_term_string\"}}],\"inLanguage\":\"de\"},{\"@type\":\"Organization\",\"@id\":\"https:\\\/\\\/gotom.io\\\/de\\\/#organization\",\"name\":\"goTom\",\"url\":\"https:\\\/\\\/gotom.io\\\/de\\\/\",\"logo\":{\"@type\":\"ImageObject\",\"inLanguage\":\"de\",\"@id\":\"https:\\\/\\\/gotom.io\\\/de\\\/#\\\/schema\\\/logo\\\/image\\\/\",\"url\":\"https:\\\/\\\/gotom.io\\\/wp-content\\\/uploads\\\/2017\\\/08\\\/gotom_email.png\",\"contentUrl\":\"https:\\\/\\\/gotom.io\\\/wp-content\\\/uploads\\\/2017\\\/08\\\/gotom_email.png\",\"width\":100,\"height\":39,\"caption\":\"goTom\"},\"image\":{\"@id\":\"https:\\\/\\\/gotom.io\\\/de\\\/#\\\/schema\\\/logo\\\/image\\\/\"},\"sameAs\":[\"https:\\\/\\\/www.facebook.com\\\/gotom.official\\\/\",\"https:\\\/\\\/x.com\\\/gotom_official\"]}]}<\/script>\n<!-- \/ Yoast SEO plugin. -->","yoast_head_json":{"title":"Wer wir sind - goTom","description":"Erfahre mehr \u00fcber unser engagiertes Team und warum wir eine Software f\u00fcr die Verwaltung von digitaler Werbung entwickelt haben.","robots":{"index":"index","follow":"follow","max-snippet":"max-snippet:-1","max-image-preview":"max-image-preview:large","max-video-preview":"max-video-preview:-1"},"canonical":"https:\/\/gotom.io\/de\/uber-uns\/","og_locale":"de_DE","og_type":"article","og_title":"Wer wir sind - goTom","og_description":"Erfahre mehr \u00fcber unser engagiertes Team und warum wir eine Software f\u00fcr die Verwaltung von digitaler Werbung entwickelt haben.","og_url":"https:\/\/gotom.io\/de\/uber-uns\/","og_site_name":"goTom","article_publisher":"https:\/\/www.facebook.com\/gotom.official\/","article_modified_time":"2026-01-27T09:06:01+00:00","og_image":[{"width":2400,"height":1350,"url":"https:\/\/gotom.io\/wp-content\/uploads\/2025\/01\/Social-Media-Vorschaubild-2-1.png","type":"image\/png"}],"twitter_card":"summary_large_image","twitter_site":"@gotom_official","twitter_misc":{"Gesch\u00e4tzte Lesezeit":"3\u00a0Minuten"},"schema":{"@context":"https:\/\/schema.org","@graph":[{"@type":"WebPage","@id":"https:\/\/gotom.io\/de\/uber-uns\/","url":"https:\/\/gotom.io\/de\/uber-uns\/","name":"Wer wir sind - goTom","isPartOf":{"@id":"https:\/\/gotom.io\/de\/#website"},"datePublished":"2017-06-13T13:21:24+00:00","dateModified":"2026-01-27T09:06:01+00:00","description":"Erfahre mehr \u00fcber unser engagiertes Team und warum wir eine Software f\u00fcr die Verwaltung von digitaler Werbung entwickelt haben.","breadcrumb":{"@id":"https:\/\/gotom.io\/de\/uber-uns\/#breadcrumb"},"inLanguage":"de","potentialAction":[{"@type":"ReadAction","target":["https:\/\/gotom.io\/de\/uber-uns\/"]}]},{"@type":"BreadcrumbList","@id":"https:\/\/gotom.io\/de\/uber-uns\/#breadcrumb","itemListElement":[{"@type":"ListItem","position":1,"name":"Home","item":"https:\/\/gotom.io\/de\/"},{"@type":"ListItem","position":2,"name":"\u00dcber uns"}]},{"@type":"WebSite","@id":"https:\/\/gotom.io\/de\/#website","url":"https:\/\/gotom.io\/de\/","name":"goTom","description":"Grow your digital advertising business","publisher":{"@id":"https:\/\/gotom.io\/de\/#organization"},"potentialAction":[{"@type":"SearchAction","target":{"@type":"EntryPoint","urlTemplate":"https:\/\/gotom.io\/de\/?s={search_term_string}"},"query-input":{"@type":"PropertyValueSpecification","valueRequired":true,"valueName":"search_term_string"}}],"inLanguage":"de"},{"@type":"Organization","@id":"https:\/\/gotom.io\/de\/#organization","name":"goTom","url":"https:\/\/gotom.io\/de\/","logo":{"@type":"ImageObject","inLanguage":"de","@id":"https:\/\/gotom.io\/de\/#\/schema\/logo\/image\/","url":"https:\/\/gotom.io\/wp-content\/uploads\/2017\/08\/gotom_email.png","contentUrl":"https:\/\/gotom.io\/wp-content\/uploads\/2017\/08\/gotom_email.png","width":100,"height":39,"caption":"goTom"},"image":{"@id":"https:\/\/gotom.io\/de\/#\/schema\/logo\/image\/"},"sameAs":["https:\/\/www.facebook.com\/gotom.official\/","https:\/\/x.com\/gotom_official"]}]}},"_links":{"self":[{"href":"https:\/\/gotom.io\/de\/wp-json\/wp\/v2\/pages\/629","targetHints":{"allow":["GET"]}}],"collection":[{"href":"https:\/\/gotom.io\/de\/wp-json\/wp\/v2\/pages"}],"about":[{"href":"https:\/\/gotom.io\/de\/wp-json\/wp\/v2\/types\/page"}],"author":[{"embeddable":true,"href":"https:\/\/gotom.io\/de\/wp-json\/wp\/v2\/users\/2"}],"replies":[{"embeddable":true,"href":"https:\/\/gotom.io\/de\/wp-json\/wp\/v2\/comments?post=629"}],"version-history":[{"count":4,"href":"https:\/\/gotom.io\/de\/wp-json\/wp\/v2\/pages\/629\/revisions"}],"predecessor-version":[{"id":8779,"href":"https:\/\/gotom.io\/de\/wp-json\/wp\/v2\/pages\/629\/revisions\/8779"}],"wp:attachment":[{"href":"https:\/\/gotom.io\/de\/wp-json\/wp\/v2\/media?parent=629"}],"curies":[{"name":"wp","href":"https:\/\/api.w.org\/{rel}","templated":true}]}}